{"id":10254,"date":"2015-04-23T11:43:19","date_gmt":"2015-04-23T09:43:19","guid":{"rendered":"http:\/\/help.qualiware.it\/qw-help\/?page_id=10254"},"modified":"2016-04-05T11:04:22","modified_gmt":"2016-04-05T09:04:22","slug":"home","status":"publish","type":"page","link":"https:\/\/help.qualiware.it\/qw-help\/","title":{"rendered":"HOME"},"content":{"rendered":"<h1 style=\"text-align: center;\"><strong><a href=\"http:\/\/help.qualiware.it\/qw-help\/qualiwareacademy\/\">Video Tutorial &#8211; QualiWare Academy<\/a><\/strong><\/h1>\n<div class=\"epyt-gallery\" data-currpage=\"1\" id=\"epyt_gallery_13587\"><iframe loading=\"lazy\"  style=\"display: block; margin: 0px auto;\"  id=\"_ytid_92481\"  width=\"600\" height=\"300\"  data-origwidth=\"600\" data-origheight=\"300\" src=\"https:\/\/www.youtube.com\/embed\/fNcROjPAJEc?enablejsapi=1&#038;autoplay=0&#038;cc_load_policy=0&#038;cc_lang_pref=&#038;iv_load_policy=1&#038;loop=0&#038;modestbranding=0&#038;rel=0&#038;fs=1&#038;playsinline=0&#038;autohide=2&#038;theme=dark&#038;color=red&#038;controls=1&#038;\" class=\"__youtube_prefs__  epyt-is-override  no-lazyload\" title=\"YouTube player\"  data-epytgalleryid=\"epyt_gallery_13587\"  allow=\"fullscreen; accelerometer; autoplay; clipboard-write; encrypted-media; gyroscope; picture-in-picture\" allowfullscreen data-no-lazy=\"1\" data-skipgform_ajax_framebjll=\"\"><\/iframe><\/p>\n<div class=\"epyt-gallery-list\">\n<div class=\"epyt-pagination \">\n<div tabindex=\"0\" role=\"button\" class=\"epyt-pagebutton epyt-prev  hide \" data-playlistid=\"PLdMK0WPQ0dNnHK-a6rdf28rgE2l7QgA7X\" data-pagesize=\"9\" data-pagetoken=\"\" data-epcolumns=\"3\" data-showtitle=\"1\" data-showpaging=\"1\" data-autonext=\"0\" data-thumbplay=\"1\">\n<div class=\"epyt-arrow\">&laquo;<\/div>\n<div>Prev<\/div>\n<\/div>\n<div class=\"epyt-pagenumbers \">\n<div class=\"epyt-current\">1<\/div>\n<div class=\"epyt-pageseparator\"> \/ <\/div>\n<div class=\"epyt-totalpages\">9<\/div>\n<\/div>\n<div tabindex=\"0\" role=\"button\" class=\"epyt-pagebutton epyt-next\" data-playlistid=\"PLdMK0WPQ0dNnHK-a6rdf28rgE2l7QgA7X\" data-pagesize=\"9\" data-pagetoken=\"EAAaHlBUOkNBa2lFRE5CT1ROR09ERkZOalE0UlRReVF6Yw\" data-epcolumns=\"3\" data-showtitle=\"1\" data-showpaging=\"1\" data-autonext=\"0\" data-thumbplay=\"1\">\n<div>Next<\/div>\n<div class=\"epyt-arrow\">&raquo;<\/div>\n<\/div>\n<div class=\"epyt-loader\"><img loading=\"lazy\" decoding=\"async\" alt=\"loading\" width=\"16\" height=\"11\" src=\"https:\/\/help.qualiware.it\/qw-help\/wp-content\/plugins\/youtube-embed-plus\/images\/gallery-page-loader.gif\"><\/div>\n<\/div>\n<div class=\"epyt-gallery-allthumbs  epyt-cols-3 \">\n<div tabindex=\"0\" role=\"button\" data-videoid=\"fNcROjPAJEc\" class=\"epyt-gallery-thumb\">\n<div class=\"epyt-gallery-img-box\">\n<div class=\"epyt-gallery-img\" style=\"background-image: url(https:\/\/i.ytimg.com\/vi\/fNcROjPAJEc\/hqdefault.jpg)\">\n<div class=\"epyt-gallery-playhover\"><img loading=\"lazy\" decoding=\"async\" alt=\"play\" class=\"epyt-play-img\" width=\"30\" height=\"23\" src=\"https:\/\/help.qualiware.it\/qw-help\/wp-content\/plugins\/youtube-embed-plus\/images\/playhover.png\" data-no-lazy=\"1\" data-skipgform_ajax_framebjll=\"\" \/><\/p>\n<div class=\"epyt-gallery-playcrutch\"><\/div>\n<\/div>\n<\/div>\n<\/div>\n<div class=\"epyt-gallery-title\">QW-Academy: &quot;Basta poco per migliorarsi: le novit\u00e0 di QW per incrementare la tua operativit\u00e0&quot;<\/div>\n<\/div>\n<div tabindex=\"0\" role=\"button\" data-videoid=\"MVqvI1Sz-0A\" class=\"epyt-gallery-thumb\">\n<div class=\"epyt-gallery-img-box\">\n<div class=\"epyt-gallery-img\" style=\"background-image: url(https:\/\/i.ytimg.com\/vi\/MVqvI1Sz-0A\/hqdefault.jpg)\">\n<div class=\"epyt-gallery-playhover\"><img loading=\"lazy\" decoding=\"async\" alt=\"play\" class=\"epyt-play-img\" width=\"30\" height=\"23\" src=\"https:\/\/help.qualiware.it\/qw-help\/wp-content\/plugins\/youtube-embed-plus\/images\/playhover.png\" data-no-lazy=\"1\" data-skipgform_ajax_framebjll=\"\" \/><\/p>\n<div class=\"epyt-gallery-playcrutch\"><\/div>\n<\/div>\n<\/div>\n<\/div>\n<div class=\"epyt-gallery-title\">&quot;Condividi et impera&quot;: Le funzionalit\u00e0 di QualiWare per migliorare la collaborazione in azienda<\/div>\n<\/div>\n<div tabindex=\"0\" role=\"button\" data-videoid=\"E6m120nsYIs\" class=\"epyt-gallery-thumb\">\n<div class=\"epyt-gallery-img-box\">\n<div class=\"epyt-gallery-img\" style=\"background-image: url(https:\/\/i.ytimg.com\/vi\/E6m120nsYIs\/hqdefault.jpg)\">\n<div class=\"epyt-gallery-playhover\"><img loading=\"lazy\" decoding=\"async\" alt=\"play\" class=\"epyt-play-img\" width=\"30\" height=\"23\" src=\"https:\/\/help.qualiware.it\/qw-help\/wp-content\/plugins\/youtube-embed-plus\/images\/playhover.png\" data-no-lazy=\"1\" data-skipgform_ajax_framebjll=\"\" \/><\/p>\n<div class=\"epyt-gallery-playcrutch\"><\/div>\n<\/div>\n<\/div>\n<\/div>\n<div class=\"epyt-gallery-title\">QW-Talk: Gestione efficace ed efficiente delle attrezzature con QW-06<\/div>\n<\/div>\n<div class=\"epyt-gallery-rowbreak\"><\/div>\n<div tabindex=\"0\" role=\"button\" data-videoid=\"jbGhGe4Psus\" class=\"epyt-gallery-thumb\">\n<div class=\"epyt-gallery-img-box\">\n<div class=\"epyt-gallery-img\" style=\"background-image: url(https:\/\/i.ytimg.com\/vi\/jbGhGe4Psus\/hqdefault.jpg)\">\n<div class=\"epyt-gallery-playhover\"><img loading=\"lazy\" decoding=\"async\" alt=\"play\" class=\"epyt-play-img\" width=\"30\" height=\"23\" src=\"https:\/\/help.qualiware.it\/qw-help\/wp-content\/plugins\/youtube-embed-plus\/images\/playhover.png\" data-no-lazy=\"1\" data-skipgform_ajax_framebjll=\"\" \/><\/p>\n<div class=\"epyt-gallery-playcrutch\"><\/div>\n<\/div>\n<\/div>\n<\/div>\n<div class=\"epyt-gallery-title\">Le novit\u00e0 di QualiWare per il 2022<\/div>\n<\/div>\n<div tabindex=\"0\" role=\"button\" data-videoid=\"q5hymharhZw\" class=\"epyt-gallery-thumb\">\n<div class=\"epyt-gallery-img-box\">\n<div class=\"epyt-gallery-img\" style=\"background-image: url(https:\/\/i.ytimg.com\/vi\/q5hymharhZw\/hqdefault.jpg)\">\n<div class=\"epyt-gallery-playhover\"><img loading=\"lazy\" decoding=\"async\" alt=\"play\" class=\"epyt-play-img\" width=\"30\" height=\"23\" src=\"https:\/\/help.qualiware.it\/qw-help\/wp-content\/plugins\/youtube-embed-plus\/images\/playhover.png\" data-no-lazy=\"1\" data-skipgform_ajax_framebjll=\"\" \/><\/p>\n<div class=\"epyt-gallery-playcrutch\"><\/div>\n<\/div>\n<\/div>\n<\/div>\n<div class=\"epyt-gallery-title\">&quot;Fatto in casa da Voi&quot;: Ottimizzare la tua operativit\u00e0 con Marco Nisco<\/div>\n<\/div>\n<div tabindex=\"0\" role=\"button\" data-videoid=\"RVg2RrnJ06A\" class=\"epyt-gallery-thumb\">\n<div class=\"epyt-gallery-img-box\">\n<div class=\"epyt-gallery-img\" style=\"background-image: url(https:\/\/i.ytimg.com\/vi\/RVg2RrnJ06A\/hqdefault.jpg)\">\n<div class=\"epyt-gallery-playhover\"><img loading=\"lazy\" decoding=\"async\" alt=\"play\" class=\"epyt-play-img\" width=\"30\" height=\"23\" src=\"https:\/\/help.qualiware.it\/qw-help\/wp-content\/plugins\/youtube-embed-plus\/images\/playhover.png\" data-no-lazy=\"1\" data-skipgform_ajax_framebjll=\"\" \/><\/p>\n<div class=\"epyt-gallery-playcrutch\"><\/div>\n<\/div>\n<\/div>\n<\/div>\n<div class=\"epyt-gallery-title\">QW-Talk Gestione del controllo di processo con il QW-02<\/div>\n<\/div>\n<div class=\"epyt-gallery-rowbreak\"><\/div>\n<div tabindex=\"0\" role=\"button\" data-videoid=\"vVBU9WAnzos\" class=\"epyt-gallery-thumb\">\n<div class=\"epyt-gallery-img-box\">\n<div class=\"epyt-gallery-img\" style=\"background-image: url(https:\/\/i.ytimg.com\/vi\/vVBU9WAnzos\/hqdefault.jpg)\">\n<div class=\"epyt-gallery-playhover\"><img loading=\"lazy\" decoding=\"async\" alt=\"play\" class=\"epyt-play-img\" width=\"30\" height=\"23\" src=\"https:\/\/help.qualiware.it\/qw-help\/wp-content\/plugins\/youtube-embed-plus\/images\/playhover.png\" data-no-lazy=\"1\" data-skipgform_ajax_framebjll=\"\" \/><\/p>\n<div class=\"epyt-gallery-playcrutch\"><\/div>\n<\/div>\n<\/div>\n<\/div>\n<div class=\"epyt-gallery-title\">QW-Talk: Com&#039;\u00e8 Fatto. Indicizzazione e Contest<\/div>\n<\/div>\n<div tabindex=\"0\" role=\"button\" data-videoid=\"Xvy2wG3lyo8\" class=\"epyt-gallery-thumb\">\n<div class=\"epyt-gallery-img-box\">\n<div class=\"epyt-gallery-img\" style=\"background-image: url(https:\/\/i.ytimg.com\/vi\/Xvy2wG3lyo8\/hqdefault.jpg)\">\n<div class=\"epyt-gallery-playhover\"><img loading=\"lazy\" decoding=\"async\" alt=\"play\" class=\"epyt-play-img\" width=\"30\" height=\"23\" src=\"https:\/\/help.qualiware.it\/qw-help\/wp-content\/plugins\/youtube-embed-plus\/images\/playhover.png\" data-no-lazy=\"1\" data-skipgform_ajax_framebjll=\"\" \/><\/p>\n<div class=\"epyt-gallery-playcrutch\"><\/div>\n<\/div>\n<\/div>\n<\/div>\n<div class=\"epyt-gallery-title\">QW-Talk Fatto in casa da Voi: Ottimizza la tua operativit\u00e0 e quella dei tuoi colleghi con QualiWare<\/div>\n<\/div>\n<div tabindex=\"0\" role=\"button\" data-videoid=\"k_BAkzkPFPk\" class=\"epyt-gallery-thumb\">\n<div class=\"epyt-gallery-img-box\">\n<div class=\"epyt-gallery-img\" style=\"background-image: url(https:\/\/i.ytimg.com\/vi\/k_BAkzkPFPk\/hqdefault.jpg)\">\n<div class=\"epyt-gallery-playhover\"><img loading=\"lazy\" decoding=\"async\" alt=\"play\" class=\"epyt-play-img\" width=\"30\" height=\"23\" src=\"https:\/\/help.qualiware.it\/qw-help\/wp-content\/plugins\/youtube-embed-plus\/images\/playhover.png\" data-no-lazy=\"1\" data-skipgform_ajax_framebjll=\"\" \/><\/p>\n<div class=\"epyt-gallery-playcrutch\"><\/div>\n<\/div>\n<\/div>\n<\/div>\n<div class=\"epyt-gallery-title\">QW-Talk &#8211; &quot;Come \u00e8 fatto?&quot;: Strumenti di alert e di gestione in QualiWare (05\/03\/2021)<\/div>\n<\/div>\n<div class=\"epyt-gallery-rowbreak\"><\/div>\n<div class=\"epyt-gallery-clear\"><\/div>\n<\/div>\n<div class=\"epyt-pagination \">\n<div tabindex=\"0\" role=\"button\" class=\"epyt-pagebutton epyt-prev  hide \" data-playlistid=\"PLdMK0WPQ0dNnHK-a6rdf28rgE2l7QgA7X\" data-pagesize=\"9\" data-pagetoken=\"\" data-epcolumns=\"3\" data-showtitle=\"1\" data-showpaging=\"1\" data-autonext=\"0\" data-thumbplay=\"1\">\n<div class=\"epyt-arrow\">&laquo;<\/div>\n<div>Prev<\/div>\n<\/div>\n<div class=\"epyt-pagenumbers \">\n<div class=\"epyt-current\">1<\/div>\n<div class=\"epyt-pageseparator\"> \/ <\/div>\n<div class=\"epyt-totalpages\">9<\/div>\n<\/div>\n<div tabindex=\"0\" role=\"button\" class=\"epyt-pagebutton epyt-next\" data-playlistid=\"PLdMK0WPQ0dNnHK-a6rdf28rgE2l7QgA7X\" data-pagesize=\"9\" data-pagetoken=\"EAAaHlBUOkNBa2lFRE5CT1ROR09ERkZOalE0UlRReVF6Yw\" data-epcolumns=\"3\" data-showtitle=\"1\" data-showpaging=\"1\" data-autonext=\"0\" data-thumbplay=\"1\">\n<div>Next<\/div>\n<div class=\"epyt-arrow\">&raquo;<\/div>\n<\/div>\n<div class=\"epyt-loader\"><img loading=\"lazy\" decoding=\"async\" alt=\"loading\" width=\"16\" height=\"11\" src=\"https:\/\/help.qualiware.it\/qw-help\/wp-content\/plugins\/youtube-embed-plus\/images\/gallery-page-loader.gif\"><\/div>\n<\/div>\n<\/div>\n<\/div>\n","protected":false},"excerpt":{"rendered":"<p>Video Tutorial &#8211; QualiWare Academy &laquo; Prev 1 \/ 9 Next &raquo; QW-Academy: &quot;Basta poco per migliorarsi: le novit\u00e0 di QW per incrementare la tua operativit\u00e0&quot; &quot;Condividi et impera&quot;: Le funzionalit\u00e0 di QualiWare per migliorare la collaborazione in azienda QW-Talk: Gestione efficace ed efficiente delle attrezzature con QW-06 Le novit\u00e0 di QualiWare per il 2022&hellip;<\/p>\n","protected":false},"author":1,"featured_media":0,"parent":0,"menu_order":0,"comment_status":"closed","ping_status":"closed","template":"template-knowledgebase.php","meta":{"_acf_changed":false,"ngg_post_thumbnail":0,"footnotes":""},"acf":[],"_links":{"self":[{"href":"https:\/\/help.qualiware.it\/qw-help\/wp-json\/wp\/v2\/pages\/10254"}],"collection":[{"href":"https:\/\/help.qualiware.it\/qw-help\/wp-json\/wp\/v2\/pages"}],"about":[{"href":"https:\/\/help.qualiware.it\/qw-help\/wp-json\/wp\/v2\/types\/page"}],"author":[{"embeddable":true,"href":"https:\/\/help.qualiware.it\/qw-help\/wp-json\/wp\/v2\/users\/1"}],"replies":[{"embeddable":true,"href":"https:\/\/help.qualiware.it\/qw-help\/wp-json\/wp\/v2\/comments?post=10254"}],"version-history":[{"count":0,"href":"https:\/\/help.qualiware.it\/qw-help\/wp-json\/wp\/v2\/pages\/10254\/revisions"}],"wp:attachment":[{"href":"https:\/\/help.qualiware.it\/qw-help\/wp-json\/wp\/v2\/media?parent=10254"}],"curies":[{"name":"wp","href":"https:\/\/api.w.org\/{rel}","templated":true}]}}